{"id":6,"date":"2022-06-06T13:26:00","date_gmt":"2022-06-06T11:26:00","guid":{"rendered":"http:\/\/lesadelphes.com\/?page_id=6"},"modified":"2022-09-26T16:50:38","modified_gmt":"2022-09-26T14:50:38","slug":"beaux-portfolios-pour-des-creatifs-exceptionnels","status":"publish","type":"page","link":"https:\/\/lesadelphes.com\/","title":{"rendered":"Bienvenue"},"content":{"rendered":"\n<p class=\"has-text-align-center\"><meta charset=\"utf-8\">Bienvenue sur cet espace qui se veut apprenant et soutien aux passages \u00e0 l&#8217;action. Les chiffres pessimistes sont l\u00e0 pour nous inviter \u00e0 rassembler les acteurs, v\u00e9rifier les r\u00e9sultats et am\u00e9liorer le syst\u00e8me, la soci\u00e9t\u00e9, notre territoire.<\/p>\n\n\n\n<div style=\"height:55px\" aria-hidden=\"true\" class=\"wp-block-spacer\"><\/div>\n\n\n\n<div class=\"wp-block-group alignfull has-black-background-color has-background\"><div class=\"wp-block-group__inner-container is-layout-flow wp-block-group-is-layout-flow\">\n<h2 class=\"has-text-align-center has-white-color has-text-color wp-block-heading\">Les chiffres dans le Morbihan et la Bretagne<\/h2>\n\n\n\n<figure class=\"wp-block-gallery aligncenter has-nested-images columns-default is-cropped wp-block-gallery-1 is-layout-flex wp-block-gallery-is-layout-flex\">\n<figure class=\"wp-block-image size-large\"><img loading=\"lazy\" decoding=\"async\" width=\"1024\" height=\"683\" data-id=\"41\" src=\"http:\/\/lesadelphes.com\/wp-content\/uploads\/2022\/09\/money-g4560f4989_1920-1024x683.jpg\" alt=\"\" class=\"wp-image-41\" srcset=\"https:\/\/lesadelphes.com\/wp-content\/uploads\/2022\/09\/money-g4560f4989_1920-1024x683.jpg 1024w, https:\/\/lesadelphes.com\/wp-content\/uploads\/2022\/09\/money-g4560f4989_1920-300x200.jpg 300w, https:\/\/lesadelphes.com\/wp-content\/uploads\/2022\/09\/money-g4560f4989_1920-768x512.jpg 768w, https:\/\/lesadelphes.com\/wp-content\/uploads\/2022\/09\/money-g4560f4989_1920-1536x1025.jpg 1536w, https:\/\/lesadelphes.com\/wp-content\/uploads\/2022\/09\/money-g4560f4989_1920.jpg 1920w\" sizes=\"auto, (max-width: 1024px) 100vw, 1024px\" \/><figcaption><strong><mark style=\"background-color:#ffffff\" class=\"has-inline-color\">Plus les morbihannaises vieillissent, moi<\/mark><mark style=\"background-color:#ffffff\" class=\"has-inline-color has-black-color\">ns elles ga<\/mark><mark style=\"background-color:#ffffff\" class=\"has-inline-color\">gnent en comparaison avec les morbihannais.<\/mark><\/strong><\/figcaption><\/figure>\n\n\n\n<figure class=\"wp-block-image size-large\"><img loading=\"lazy\" decoding=\"async\" width=\"1024\" height=\"683\" data-id=\"40\" src=\"http:\/\/lesadelphes.com\/wp-content\/uploads\/2022\/09\/hand-gcb155949d_1920-1024x683.jpg\" alt=\"\" class=\"wp-image-40\" srcset=\"https:\/\/lesadelphes.com\/wp-content\/uploads\/2022\/09\/hand-gcb155949d_1920-1024x683.jpg 1024w, https:\/\/lesadelphes.com\/wp-content\/uploads\/2022\/09\/hand-gcb155949d_1920-300x200.jpg 300w, https:\/\/lesadelphes.com\/wp-content\/uploads\/2022\/09\/hand-gcb155949d_1920-768x512.jpg 768w, https:\/\/lesadelphes.com\/wp-content\/uploads\/2022\/09\/hand-gcb155949d_1920-1536x1024.jpg 1536w, https:\/\/lesadelphes.com\/wp-content\/uploads\/2022\/09\/hand-gcb155949d_1920.jpg 1920w\" sizes=\"auto, (max-width: 1024px) 100vw, 1024px\" \/><figcaption><br><br><strong><mark style=\"background-color:#ffffff\" class=\"has-inline-color\">16 000 bretonnes victimes de violences, de coups ou de blessures volontaires en 2019 (plus 5% qu&#8217;en 2018)<\/mark><\/strong><\/figcaption><\/figure>\n\n\n\n<figure class=\"wp-block-image size-large\"><img loading=\"lazy\" decoding=\"async\" width=\"1024\" height=\"683\" data-id=\"39\" src=\"http:\/\/lesadelphes.com\/wp-content\/uploads\/2022\/09\/mains_vieillesse-1024x683.jpg\" alt=\"\" class=\"wp-image-39\" srcset=\"https:\/\/lesadelphes.com\/wp-content\/uploads\/2022\/09\/mains_vieillesse-1024x683.jpg 1024w, https:\/\/lesadelphes.com\/wp-content\/uploads\/2022\/09\/mains_vieillesse-300x200.jpg 300w, https:\/\/lesadelphes.com\/wp-content\/uploads\/2022\/09\/mains_vieillesse-768x512.jpg 768w, https:\/\/lesadelphes.com\/wp-content\/uploads\/2022\/09\/mains_vieillesse-1536x1024.jpg 1536w, https:\/\/lesadelphes.com\/wp-content\/uploads\/2022\/09\/mains_vieillesse.jpg 1920w\" sizes=\"auto, (max-width: 1024px) 100vw, 1024px\" \/><figcaption><strong><mark><mark style=\"background-color:#ffffff\" class=\"has-inline-color\">116 000 bretonnes seules ou \u00e0 la t\u00eate d&#8217;une famille monoparentale sont pauvres <\/mark><\/mark><\/strong><br><strong><mark><mark style=\"background-color:#ffffff\" class=\"has-inline-color\">(soit deux fois <\/mark><\/mark><\/strong><mark><strong><mark style=\"background-color:#ffffff\" class=\"has-inline-color has-black-color\">pl<\/mark><\/strong><\/mark><mark style=\"background-color:#ffffff\" class=\"has-inline-color has-black-color\"><strong>us que les hommes)<\/strong><\/mark><\/figcaption><\/figure>\n\n\n\n<figure class=\"wp-block-image size-large\"><img decoding=\"async\" data-id=\"25\" src=\"http:\/\/lesadelphes.com\/wp-content\/themes\/inspiro\/assets\/images\/StockSnap_CXVCF2NNWJ.jpg\" alt=\"\" class=\"wp-image-25\"\/><figcaption><strong><mark style=\"background-color:#ffffff\" class=\"has-inline-color\">Maternit\u00e9<\/mark><\/strong><\/figcaption><\/figure>\n\n\n\n<figure class=\"wp-block-image size-large\"><img decoding=\"async\" data-id=\"24\" src=\"http:\/\/lesadelphes.com\/wp-content\/themes\/inspiro\/assets\/images\/StockSnap_89BQZ89TLH.jpg\" alt=\"\" class=\"wp-image-24\"\/><figcaption><strong><mark style=\"background-color:#ffffff\" class=\"has-inline-color\">Les bretonnes gagnent 16% de moins que les bretons<\/mark><\/strong><\/figcaption><\/figure>\n\n\n\n<figure class=\"wp-block-image size-large\"><img loading=\"lazy\" decoding=\"async\" width=\"1024\" height=\"683\" data-id=\"42\" src=\"http:\/\/lesadelphes.com\/wp-content\/uploads\/2022\/09\/home-office-g89a98a674_1920-1024x683.jpg\" alt=\"\" class=\"wp-image-42\" srcset=\"https:\/\/lesadelphes.com\/wp-content\/uploads\/2022\/09\/home-office-g89a98a674_1920-1024x683.jpg 1024w, https:\/\/lesadelphes.com\/wp-content\/uploads\/2022\/09\/home-office-g89a98a674_1920-300x200.jpg 300w, https:\/\/lesadelphes.com\/wp-content\/uploads\/2022\/09\/home-office-g89a98a674_1920-768x512.jpg 768w, https:\/\/lesadelphes.com\/wp-content\/uploads\/2022\/09\/home-office-g89a98a674_1920-1536x1024.jpg 1536w, https:\/\/lesadelphes.com\/wp-content\/uploads\/2022\/09\/home-office-g89a98a674_1920.jpg 1920w\" sizes=\"auto, (max-width: 1024px) 100vw, 1024px\" \/><figcaption><strong><mark style=\"background-color:#ffffff\" class=\"has-inline-color\">les bretonnes repr\u00e9sentent 29% des cr\u00e9ations d&#8217;entreprise<\/mark><\/strong><\/figcaption><\/figure>\n<\/figure>\n<\/div><\/div>\n\n\n\n<div class=\"wp-block-cover alignfull is-light has-parallax is-position-center-center\" style=\"background-image:url(http:\/\/lesadelphes.com\/wp-content\/themes\/inspiro\/assets\/images\/StockSnap_89BQZ89TLH.jpg);min-height:375px;aspect-ratio:unset;\"><span aria-hidden=\"true\" class=\"wp-block-cover__background has-black-background-color has-background-dim-40 has-background-dim\"><\/span><div class=\"wp-block-cover__inner-container is-layout-flow wp-block-cover-is-layout-flow\">\n<p class=\"has-text-align-center has-text-color has-huge-font-size\" style=\"color:#fffffa;line-height:1.1\"><strong>Changeons les choses ensemble !<\/strong><\/p>\n\n\n\n<p><\/p>\n\n\n\n<p class=\"has-text-align-center has-white-color has-text-color\">C&#8217;est en \u00e9tant r\u00e9uni\u2027e\u2027s, femmes et hommes du Morbihan et de Bretagne, que nous pourrons am\u00e9liorer les conditions des femmes.<\/p>\n\n\n\n<div class=\"wp-block-buttons is-horizontal is-content-justification-center is-layout-flex wp-container-core-buttons-is-layout-499968f5 wp-block-buttons-is-layout-flex\">\n<div class=\"wp-block-button is-style-outline is-style-outline--2\"><a class=\"wp-block-button__link has-white-color has-text-color\" href=\"#\">rejoigneZ- nous<\/a><\/div>\n<\/div>\n<\/div><\/div>\n\n\n\n<div class=\"wp-block-group alignfull\"><div class=\"wp-block-group__inner-container is-layout-flow wp-block-group-is-layout-flow\">\n<div class=\"wp-block-columns are-vertically-aligned-center is-layout-flex wp-container-core-columns-is-layout-9d6595d7 wp-block-columns-is-layout-flex\">\n<div class=\"wp-block-column is-vertically-aligned-center is-layout-flow wp-block-column-is-layout-flow\">\n<div style=\"height:48px\" aria-hidden=\"true\" class=\"wp-block-spacer\"><\/div>\n\n\n\n<figure class=\"wp-block-image size-large\"><img decoding=\"async\" src=\"http:\/\/lesadelphes.com\/wp-content\/themes\/inspiro\/assets\/images\/StockSnap_M6D1GS9PSL.jpg\" alt=\"\" class=\"wp-image-27\"\/><\/figure>\n<\/div>\n\n\n\n<div class=\"wp-block-column is-vertically-aligned-center is-layout-flow wp-block-column-is-layout-flow\">\n<h2 class=\"wp-block-heading\">Nos convictions<\/h2>\n\n\n\n<p>Des politiques efficaces&#8230; .<\/p>\n\n\n\n<div class=\"wp-block-buttons is-layout-flex wp-block-buttons-is-layout-flex\">\n<div class=\"wp-block-button is-style-outline is-style-outline--3\"><a class=\"wp-block-button__link\" href=\"#\">En savoir plus<\/a><\/div>\n<\/div>\n<\/div>\n<\/div>\n<\/div><\/div>\n\n\n\n<div class=\"wp-block-group alignfull has-background\" style=\"background-color:#e5e9ec\"><div class=\"wp-block-group__inner-container is-layout-flow wp-block-group-is-layout-flow\">\n<div class=\"wp-block-columns is-layout-flex wp-container-core-columns-is-layout-9d6595d7 wp-block-columns-is-layout-flex\">\n<div class=\"wp-block-column is-vertically-aligned-center is-layout-flow wp-block-column-is-layout-flow\">\n<h2 class=\"wp-block-heading\">\u00c0 propos de nous<\/h2>\n\n\n\n<p>This is some dummy copy. You\u2019re not really supposed to read this dummy copy, it is just a placeholder for people who need some type to visualize what the actual copy might look like if it were real content.<\/p>\n\n\n\n<div class=\"wp-block-buttons is-horizontal is-content-justification-left is-layout-flex wp-container-core-buttons-is-layout-7e5fce0a wp-block-buttons-is-layout-flex\">\n<div class=\"wp-block-button is-style-outline is-style-outline--4\"><a class=\"wp-block-button__link\" href=\"#\">En savoir plus<\/a><\/div>\n<\/div>\n\n\n\n<p><\/p>\n<\/div>\n\n\n\n<div class=\"wp-block-column is-layout-flow wp-block-column-is-layout-flow\">\n<div style=\"height:48px\" aria-hidden=\"true\" class=\"wp-block-spacer\"><\/div>\n\n\n\n<figure class=\"wp-block-image size-large\"><img decoding=\"async\" src=\"http:\/\/lesadelphes.com\/wp-content\/themes\/inspiro\/assets\/images\/StockSnap_JKMGVEJMPU.jpg\" alt=\"\" class=\"wp-image-26\"\/><\/figure>\n<\/div>\n<\/div>\n<\/div><\/div>\n","protected":false},"excerpt":{"rendered":"<p>Bienvenue sur cet espace qui se veut apprenant et soutien aux passages \u00e0 l&#8217;action. Les chiffres pessimistes sont l\u00e0 pour nous inviter \u00e0 rassembler les acteurs, v\u00e9rifier les r\u00e9sultats et am\u00e9liorer le syst\u00e8me, la soci\u00e9t\u00e9, notre territoire. Les chiffres dans le Morbihan et la Bretagne Nos convictions Des politiques efficaces&#8230; . \u00c0 propos de nous &hellip; <\/p>\n<p class=\"link-more\"><a href=\"https:\/\/lesadelphes.com\/\" class=\"more-link\">Read more<span class=\"screen-reader-text\"> &#8220;Bienvenue&#8221;<\/span><\/a><\/p>\n","protected":false},"author":2,"featured_media":5,"parent":0,"menu_order":0,"comment_status":"closed","ping_status":"closed","template":"","meta":{"footnotes":""},"class_list":["post-6","page","type-page","status-publish","has-post-thumbnail","hentry"],"_links":{"self":[{"href":"https:\/\/lesadelphes.com\/index.php\/wp-json\/wp\/v2\/pages\/6","targetHints":{"allow":["GET"]}}],"collection":[{"href":"https:\/\/lesadelphes.com\/index.php\/wp-json\/wp\/v2\/pages"}],"about":[{"href":"https:\/\/lesadelphes.com\/index.php\/wp-json\/wp\/v2\/types\/page"}],"author":[{"embeddable":true,"href":"https:\/\/lesadelphes.com\/index.php\/wp-json\/wp\/v2\/users\/2"}],"replies":[{"embeddable":true,"href":"https:\/\/lesadelphes.com\/index.php\/wp-json\/wp\/v2\/comments?post=6"}],"version-history":[{"count":14,"href":"https:\/\/lesadelphes.com\/index.php\/wp-json\/wp\/v2\/pages\/6\/revisions"}],"predecessor-version":[{"id":45,"href":"https:\/\/lesadelphes.com\/index.php\/wp-json\/wp\/v2\/pages\/6\/revisions\/45"}],"wp:featuredmedia":[{"embeddable":true,"href":"https:\/\/lesadelphes.com\/index.php\/wp-json\/wp\/v2\/media\/5"}],"wp:attachment":[{"href":"https:\/\/lesadelphes.com\/index.php\/wp-json\/wp\/v2\/media?parent=6"}],"curies":[{"name":"wp","href":"https:\/\/api.w.org\/{rel}","templated":true}]}}